{"id":39,"date":"2016-06-02T19:39:42","date_gmt":"2016-06-02T19:39:42","guid":{"rendered":"https:\/\/vitrerie-claude.com\/plomberie\/?page_id=39"},"modified":"2016-10-31T15:28:05","modified_gmt":"2016-10-31T15:28:05","slug":"accueil","status":"publish","type":"page","link":"https:\/\/vitrerie-claude.com\/plomberie\/","title":{"rendered":"Accueil"},"content":{"rendered":"<p>Optez pour une \u00e9quipe compos\u00e9e de plus de 30 professionnels passionn\u00e9s, \u00e0 l\u2019\u00e9coute de vos besoins en cuisine et salle de bain, et qui s\u2019assure de vous fournir le service le plus courtois et le plus rapide qui soit. Toujours dans un souci de mieux vous servir, nous vous offrons avant tout une qualit\u00e9, une exp\u00e9rience de succ\u00e8s.<\/p>\n<a target=\"\" title=\"\" class=\"btn btn-border-brown\" href=\"#\"><span>D\u00e9couvrez nos services<\/span><\/a>\n","protected":false},"excerpt":{"rendered":"<p>Optez pour une \u00e9quipe compos\u00e9e de plus de 30 professionnels passionn\u00e9s, \u00e0 l\u2019\u00e9coute de vos besoins en cuisine et salle de bain, et qui s\u2019assure de vous fournir le service le plus courtois et le plus rapide qui soit. Toujours dans un souci de mieux vous servir, nous vous offrons avant tout une qualit\u00e9, une [&hellip;]<\/p>\n","protected":false},"author":1,"featured_media":0,"parent":0,"menu_order":0,"comment_status":"closed","ping_status":"closed","template":"page-template-home.php","meta":{"_acf_changed":false,"footnotes":""},"acf":[],"yoast_head":"<!-- This site is optimized with the Yoast SEO plugin v22.5 - https:\/\/yoast.com\/wordpress\/plugins\/seo\/ -->\n<title>Sp\u00e9cialiste en plomberie de cuisine et salle de bain | Plomberie T\u00e9treault<\/title>\n<meta name=\"description\" content=\"D\u00e9couvrez un \u00e9ventail de produits pour votre projet de cuisine ou salle de bain. Notre \u00e9quipe fera la diff\u00e9rence dans votre projet | Plomberie T\u00e9treault\" \/>\n<meta name=\"robots\" content=\"index, follow, max-snippet:-1, max-image-preview:large, max-video-preview:-1\" \/>\n<link rel=\"canonical\" href=\"https:\/\/vitrerie-claude.com\/plomberie\/\" \/>\n<meta property=\"og:locale\" content=\"fr_FR\" \/>\n<meta property=\"og:type\" content=\"article\" \/>\n<meta property=\"og:title\" content=\"Sp\u00e9cialiste en plomberie de cuisine et salle de bain | Plomberie T\u00e9treault\" \/>\n<meta property=\"og:description\" content=\"D\u00e9couvrez un \u00e9ventail de produits pour votre projet de cuisine ou salle de bain. Notre \u00e9quipe fera la diff\u00e9rence dans votre projet | Plomberie T\u00e9treault\" \/>\n<meta property=\"og:url\" content=\"https:\/\/vitrerie-claude.com\/plomberie\/\" \/>\n<meta property=\"og:site_name\" content=\"Plomberie\" \/>\n<meta property=\"article:modified_time\" content=\"2016-10-31T15:28:05+00:00\" \/>\n<meta name=\"twitter:card\" content=\"summary_large_image\" \/>\n<script type=\"application\/ld+json\" class=\"yoast-schema-graph\">{\"@context\":\"https:\/\/schema.org\",\"@graph\":[{\"@type\":\"WebPage\",\"@id\":\"https:\/\/vitrerie-claude.com\/plomberie\/\",\"url\":\"https:\/\/vitrerie-claude.com\/plomberie\/\",\"name\":\"Sp\u00e9cialiste en plomberie de cuisine et salle de bain | Plomberie T\u00e9treault\",\"isPartOf\":{\"@id\":\"https:\/\/vitrerie-claude.com\/plomberie\/#website\"},\"datePublished\":\"2016-06-02T19:39:42+00:00\",\"dateModified\":\"2016-10-31T15:28:05+00:00\",\"description\":\"D\u00e9couvrez un \u00e9ventail de produits pour votre projet de cuisine ou salle de bain. Notre \u00e9quipe fera la diff\u00e9rence dans votre projet | Plomberie T\u00e9treault\",\"breadcrumb\":{\"@id\":\"https:\/\/vitrerie-claude.com\/plomberie\/#breadcrumb\"},\"inLanguage\":\"fr-FR\",\"potentialAction\":[{\"@type\":\"ReadAction\",\"target\":[\"https:\/\/vitrerie-claude.com\/plomberie\/\"]}]},{\"@type\":\"BreadcrumbList\",\"@id\":\"https:\/\/vitrerie-claude.com\/plomberie\/#breadcrumb\",\"itemListElement\":[{\"@type\":\"ListItem\",\"position\":1,\"name\":\"Accueil\",\"item\":\"https:\/\/vitrerie-claude.com\/plomberie\/\"},{\"@type\":\"ListItem\",\"position\":2,\"name\":\"Accueil\"}]},{\"@type\":\"WebSite\",\"@id\":\"https:\/\/vitrerie-claude.com\/plomberie\/#website\",\"url\":\"https:\/\/vitrerie-claude.com\/plomberie\/\",\"name\":\"Plomberie\",\"description\":\"Just another Vitrerie Claude Sites site\",\"potentialAction\":[{\"@type\":\"SearchAction\",\"target\":{\"@type\":\"EntryPoint\",\"urlTemplate\":\"https:\/\/vitrerie-claude.com\/plomberie\/?s={search_term_string}\"},\"query-input\":\"required name=search_term_string\"}],\"inLanguage\":\"fr-FR\"}]}<\/script>\n<!-- \/ Yoast SEO plugin. -->","yoast_head_json":{"title":"Sp\u00e9cialiste en plomberie de cuisine et salle de bain | Plomberie T\u00e9treault","description":"D\u00e9couvrez un \u00e9ventail de produits pour votre projet de cuisine ou salle de bain. Notre \u00e9quipe fera la diff\u00e9rence dans votre projet | Plomberie T\u00e9treault","robots":{"index":"index","follow":"follow","max-snippet":"max-snippet:-1","max-image-preview":"max-image-preview:large","max-video-preview":"max-video-preview:-1"},"canonical":"https:\/\/vitrerie-claude.com\/plomberie\/","og_locale":"fr_FR","og_type":"article","og_title":"Sp\u00e9cialiste en plomberie de cuisine et salle de bain | Plomberie T\u00e9treault","og_description":"D\u00e9couvrez un \u00e9ventail de produits pour votre projet de cuisine ou salle de bain. Notre \u00e9quipe fera la diff\u00e9rence dans votre projet | Plomberie T\u00e9treault","og_url":"https:\/\/vitrerie-claude.com\/plomberie\/","og_site_name":"Plomberie","article_modified_time":"2016-10-31T15:28:05+00:00","twitter_card":"summary_large_image","schema":{"@context":"https:\/\/schema.org","@graph":[{"@type":"WebPage","@id":"https:\/\/vitrerie-claude.com\/plomberie\/","url":"https:\/\/vitrerie-claude.com\/plomberie\/","name":"Sp\u00e9cialiste en plomberie de cuisine et salle de bain | Plomberie T\u00e9treault","isPartOf":{"@id":"https:\/\/vitrerie-claude.com\/plomberie\/#website"},"datePublished":"2016-06-02T19:39:42+00:00","dateModified":"2016-10-31T15:28:05+00:00","description":"D\u00e9couvrez un \u00e9ventail de produits pour votre projet de cuisine ou salle de bain. Notre \u00e9quipe fera la diff\u00e9rence dans votre projet | Plomberie T\u00e9treault","breadcrumb":{"@id":"https:\/\/vitrerie-claude.com\/plomberie\/#breadcrumb"},"inLanguage":"fr-FR","potentialAction":[{"@type":"ReadAction","target":["https:\/\/vitrerie-claude.com\/plomberie\/"]}]},{"@type":"BreadcrumbList","@id":"https:\/\/vitrerie-claude.com\/plomberie\/#breadcrumb","itemListElement":[{"@type":"ListItem","position":1,"name":"Accueil","item":"https:\/\/vitrerie-claude.com\/plomberie\/"},{"@type":"ListItem","position":2,"name":"Accueil"}]},{"@type":"WebSite","@id":"https:\/\/vitrerie-claude.com\/plomberie\/#website","url":"https:\/\/vitrerie-claude.com\/plomberie\/","name":"Plomberie","description":"Just another Vitrerie Claude Sites site","potentialAction":[{"@type":"SearchAction","target":{"@type":"EntryPoint","urlTemplate":"https:\/\/vitrerie-claude.com\/plomberie\/?s={search_term_string}"},"query-input":"required name=search_term_string"}],"inLanguage":"fr-FR"}]}},"_links":{"self":[{"href":"https:\/\/vitrerie-claude.com\/plomberie\/wp-json\/wp\/v2\/pages\/39"}],"collection":[{"href":"https:\/\/vitrerie-claude.com\/plomberie\/wp-json\/wp\/v2\/pages"}],"about":[{"href":"https:\/\/vitrerie-claude.com\/plomberie\/wp-json\/wp\/v2\/types\/page"}],"author":[{"embeddable":true,"href":"https:\/\/vitrerie-claude.com\/plomberie\/wp-json\/wp\/v2\/users\/1"}],"replies":[{"embeddable":true,"href":"https:\/\/vitrerie-claude.com\/plomberie\/wp-json\/wp\/v2\/comments?post=39"}],"version-history":[{"count":27,"href":"https:\/\/vitrerie-claude.com\/plomberie\/wp-json\/wp\/v2\/pages\/39\/revisions"}],"predecessor-version":[{"id":1209,"href":"https:\/\/vitrerie-claude.com\/plomberie\/wp-json\/wp\/v2\/pages\/39\/revisions\/1209"}],"wp:attachment":[{"href":"https:\/\/vitrerie-claude.com\/plomberie\/wp-json\/wp\/v2\/media?parent=39"}],"curies":[{"name":"wp","href":"https:\/\/api.w.org\/{rel}","templated":true}]}}