{"id":4,"date":"2016-06-02T18:55:33","date_gmt":"2016-06-02T18:55:33","guid":{"rendered":"https:\/\/vitrerie-claude.com\/plomberie\/?page_id=4"},"modified":"2016-11-07T19:18:50","modified_gmt":"2016-11-07T19:18:50","slug":"produits","status":"publish","type":"page","link":"https:\/\/vitrerie-claude.com\/plomberie\/produits\/","title":{"rendered":"Produits"},"content":{"rendered":"","protected":false},"excerpt":{"rendered":"","protected":false},"author":1,"featured_media":0,"parent":0,"menu_order":0,"comment_status":"closed","ping_status":"closed","template":"page-template-produit.php","meta":{"_acf_changed":false,"footnotes":""},"acf":[],"yoast_head":"<!-- This site is optimized with the Yoast SEO plugin v22.5 - https:\/\/yoast.com\/wordpress\/plugins\/seo\/ -->\n<title>Produits pour salles de bain et cuisines | Plomberie T\u00e9treault<\/title>\n<meta name=\"description\" content=\"D\u00e9couvrez un grand \u00e9ventail de produits de plomberie pour votre projet de cuisine ou salle de bain. | Plomberie T\u00e9treault\" \/>\n<meta name=\"robots\" content=\"index, follow, max-snippet:-1, max-image-preview:large, max-video-preview:-1\" \/>\n<link rel=\"canonical\" href=\"https:\/\/vitrerie-claude.com\/plomberie\/produits\/\" \/>\n<meta property=\"og:locale\" content=\"fr_FR\" \/>\n<meta property=\"og:type\" content=\"article\" \/>\n<meta property=\"og:title\" content=\"Produits pour salles de bain et cuisines | Plomberie T\u00e9treault\" \/>\n<meta property=\"og:description\" content=\"D\u00e9couvrez un grand \u00e9ventail de produits de plomberie pour votre projet de cuisine ou salle de bain. | Plomberie T\u00e9treault\" \/>\n<meta property=\"og:url\" content=\"https:\/\/vitrerie-claude.com\/plomberie\/produits\/\" \/>\n<meta property=\"og:site_name\" content=\"Plomberie\" \/>\n<meta property=\"article:modified_time\" content=\"2016-11-07T19:18:50+00:00\" \/>\n<meta name=\"twitter:card\" content=\"summary_large_image\" \/>\n<script type=\"application\/ld+json\" class=\"yoast-schema-graph\">{\"@context\":\"https:\/\/schema.org\",\"@graph\":[{\"@type\":\"WebPage\",\"@id\":\"https:\/\/vitrerie-claude.com\/plomberie\/produits\/\",\"url\":\"https:\/\/vitrerie-claude.com\/plomberie\/produits\/\",\"name\":\"Produits pour salles de bain et cuisines | Plomberie T\u00e9treault\",\"isPartOf\":{\"@id\":\"https:\/\/vitrerie-claude.com\/plomberie\/#website\"},\"datePublished\":\"2016-06-02T18:55:33+00:00\",\"dateModified\":\"2016-11-07T19:18:50+00:00\",\"description\":\"D\u00e9couvrez un grand \u00e9ventail de produits de plomberie pour votre projet de cuisine ou salle de bain. | Plomberie T\u00e9treault\",\"breadcrumb\":{\"@id\":\"https:\/\/vitrerie-claude.com\/plomberie\/produits\/#breadcrumb\"},\"inLanguage\":\"fr-FR\",\"potentialAction\":[{\"@type\":\"ReadAction\",\"target\":[\"https:\/\/vitrerie-claude.com\/plomberie\/produits\/\"]}]},{\"@type\":\"BreadcrumbList\",\"@id\":\"https:\/\/vitrerie-claude.com\/plomberie\/produits\/#breadcrumb\",\"itemListElement\":[{\"@type\":\"ListItem\",\"position\":1,\"name\":\"Accueil\",\"item\":\"https:\/\/vitrerie-claude.com\/plomberie\/\"},{\"@type\":\"ListItem\",\"position\":2,\"name\":\"Produits\"}]},{\"@type\":\"WebSite\",\"@id\":\"https:\/\/vitrerie-claude.com\/plomberie\/#website\",\"url\":\"https:\/\/vitrerie-claude.com\/plomberie\/\",\"name\":\"Plomberie\",\"description\":\"Just another Vitrerie Claude Sites site\",\"potentialAction\":[{\"@type\":\"SearchAction\",\"target\":{\"@type\":\"EntryPoint\",\"urlTemplate\":\"https:\/\/vitrerie-claude.com\/plomberie\/?s={search_term_string}\"},\"query-input\":\"required name=search_term_string\"}],\"inLanguage\":\"fr-FR\"}]}<\/script>\n<!-- \/ Yoast SEO plugin. -->","yoast_head_json":{"title":"Produits pour salles de bain et cuisines | Plomberie T\u00e9treault","description":"D\u00e9couvrez un grand \u00e9ventail de produits de plomberie pour votre projet de cuisine ou salle de bain. | Plomberie T\u00e9treault","robots":{"index":"index","follow":"follow","max-snippet":"max-snippet:-1","max-image-preview":"max-image-preview:large","max-video-preview":"max-video-preview:-1"},"canonical":"https:\/\/vitrerie-claude.com\/plomberie\/produits\/","og_locale":"fr_FR","og_type":"article","og_title":"Produits pour salles de bain et cuisines | Plomberie T\u00e9treault","og_description":"D\u00e9couvrez un grand \u00e9ventail de produits de plomberie pour votre projet de cuisine ou salle de bain. | Plomberie T\u00e9treault","og_url":"https:\/\/vitrerie-claude.com\/plomberie\/produits\/","og_site_name":"Plomberie","article_modified_time":"2016-11-07T19:18:50+00:00","twitter_card":"summary_large_image","schema":{"@context":"https:\/\/schema.org","@graph":[{"@type":"WebPage","@id":"https:\/\/vitrerie-claude.com\/plomberie\/produits\/","url":"https:\/\/vitrerie-claude.com\/plomberie\/produits\/","name":"Produits pour salles de bain et cuisines | Plomberie T\u00e9treault","isPartOf":{"@id":"https:\/\/vitrerie-claude.com\/plomberie\/#website"},"datePublished":"2016-06-02T18:55:33+00:00","dateModified":"2016-11-07T19:18:50+00:00","description":"D\u00e9couvrez un grand \u00e9ventail de produits de plomberie pour votre projet de cuisine ou salle de bain. | Plomberie T\u00e9treault","breadcrumb":{"@id":"https:\/\/vitrerie-claude.com\/plomberie\/produits\/#breadcrumb"},"inLanguage":"fr-FR","potentialAction":[{"@type":"ReadAction","target":["https:\/\/vitrerie-claude.com\/plomberie\/produits\/"]}]},{"@type":"BreadcrumbList","@id":"https:\/\/vitrerie-claude.com\/plomberie\/produits\/#breadcrumb","itemListElement":[{"@type":"ListItem","position":1,"name":"Accueil","item":"https:\/\/vitrerie-claude.com\/plomberie\/"},{"@type":"ListItem","position":2,"name":"Produits"}]},{"@type":"WebSite","@id":"https:\/\/vitrerie-claude.com\/plomberie\/#website","url":"https:\/\/vitrerie-claude.com\/plomberie\/","name":"Plomberie","description":"Just another Vitrerie Claude Sites site","potentialAction":[{"@type":"SearchAction","target":{"@type":"EntryPoint","urlTemplate":"https:\/\/vitrerie-claude.com\/plomberie\/?s={search_term_string}"},"query-input":"required name=search_term_string"}],"inLanguage":"fr-FR"}]}},"_links":{"self":[{"href":"https:\/\/vitrerie-claude.com\/plomberie\/wp-json\/wp\/v2\/pages\/4"}],"collection":[{"href":"https:\/\/vitrerie-claude.com\/plomberie\/wp-json\/wp\/v2\/pages"}],"about":[{"href":"https:\/\/vitrerie-claude.com\/plomberie\/wp-json\/wp\/v2\/types\/page"}],"author":[{"embeddable":true,"href":"https:\/\/vitrerie-claude.com\/plomberie\/wp-json\/wp\/v2\/users\/1"}],"replies":[{"embeddable":true,"href":"https:\/\/vitrerie-claude.com\/plomberie\/wp-json\/wp\/v2\/comments?post=4"}],"version-history":[{"count":20,"href":"https:\/\/vitrerie-claude.com\/plomberie\/wp-json\/wp\/v2\/pages\/4\/revisions"}],"predecessor-version":[{"id":1300,"href":"https:\/\/vitrerie-claude.com\/plomberie\/wp-json\/wp\/v2\/pages\/4\/revisions\/1300"}],"wp:attachment":[{"href":"https:\/\/vitrerie-claude.com\/plomberie\/wp-json\/wp\/v2\/media?parent=4"}],"curies":[{"name":"wp","href":"https:\/\/api.w.org\/{rel}","templated":true}]}}