{"id":6,"date":"2016-06-02T18:55:48","date_gmt":"2016-06-02T18:55:48","guid":{"rendered":"https:\/\/vitrerie-claude.com\/plomberie\/?page_id=6"},"modified":"2016-10-28T21:04:06","modified_gmt":"2016-10-28T21:04:06","slug":"salles-de-bain","status":"publish","type":"page","link":"https:\/\/vitrerie-claude.com\/plomberie\/produits\/salles-de-bain\/","title":{"rendered":"Salles de bain"},"content":{"rendered":"","protected":false},"excerpt":{"rendered":"","protected":false},"author":1,"featured_media":0,"parent":4,"menu_order":0,"comment_status":"closed","ping_status":"closed","template":"page-template-produit.php","meta":{"_acf_changed":false,"footnotes":""},"acf":[],"yoast_head":"<!-- This site is optimized with the Yoast SEO plugin v22.5 - https:\/\/yoast.com\/wordpress\/plugins\/seo\/ -->\n<title>Douches | Plomberie T\u00e9treault<\/title>\n<meta name=\"description\" content=\"D\u00e9couvrez nos produits de douches pour votre projet de salle de bain. Portes, bases et ensembles de douches | Plomberie T\u00e9treault\" \/>\n<meta name=\"robots\" content=\"index, follow, max-snippet:-1, max-image-preview:large, max-video-preview:-1\" \/>\n<link rel=\"canonical\" href=\"https:\/\/vitrerie-claude.com\/plomberie\/produits\/salles-de-bain\/\" \/>\n<meta property=\"og:locale\" content=\"fr_FR\" \/>\n<meta property=\"og:type\" content=\"article\" \/>\n<meta property=\"og:title\" content=\"Douches | Plomberie T\u00e9treault\" \/>\n<meta property=\"og:description\" content=\"D\u00e9couvrez nos produits de douches pour votre projet de salle de bain. Portes, bases et ensembles de douches | Plomberie T\u00e9treault\" \/>\n<meta property=\"og:url\" content=\"https:\/\/vitrerie-claude.com\/plomberie\/produits\/salles-de-bain\/\" \/>\n<meta property=\"og:site_name\" content=\"Plomberie\" \/>\n<meta property=\"article:modified_time\" content=\"2016-10-28T21:04:06+00:00\" \/>\n<meta name=\"twitter:card\" content=\"summary_large_image\" \/>\n<script type=\"application\/ld+json\" class=\"yoast-schema-graph\">{\"@context\":\"https:\/\/schema.org\",\"@graph\":[{\"@type\":\"WebPage\",\"@id\":\"https:\/\/vitrerie-claude.com\/plomberie\/produits\/salles-de-bain\/\",\"url\":\"https:\/\/vitrerie-claude.com\/plomberie\/produits\/salles-de-bain\/\",\"name\":\"Douches | Plomberie T\u00e9treault\",\"isPartOf\":{\"@id\":\"https:\/\/vitrerie-claude.com\/plomberie\/#website\"},\"datePublished\":\"2016-06-02T18:55:48+00:00\",\"dateModified\":\"2016-10-28T21:04:06+00:00\",\"description\":\"D\u00e9couvrez nos produits de douches pour votre projet de salle de bain. Portes, bases et ensembles de douches | Plomberie T\u00e9treault\",\"breadcrumb\":{\"@id\":\"https:\/\/vitrerie-claude.com\/plomberie\/produits\/salles-de-bain\/#breadcrumb\"},\"inLanguage\":\"fr-FR\",\"potentialAction\":[{\"@type\":\"ReadAction\",\"target\":[\"https:\/\/vitrerie-claude.com\/plomberie\/produits\/salles-de-bain\/\"]}]},{\"@type\":\"BreadcrumbList\",\"@id\":\"https:\/\/vitrerie-claude.com\/plomberie\/produits\/salles-de-bain\/#breadcrumb\",\"itemListElement\":[{\"@type\":\"ListItem\",\"position\":1,\"name\":\"Accueil\",\"item\":\"https:\/\/vitrerie-claude.com\/plomberie\/\"},{\"@type\":\"ListItem\",\"position\":2,\"name\":\"Produits\",\"item\":\"https:\/\/vitrerie-claude.com\/plomberie\/produits\/\"},{\"@type\":\"ListItem\",\"position\":3,\"name\":\"Salles de bain\"}]},{\"@type\":\"WebSite\",\"@id\":\"https:\/\/vitrerie-claude.com\/plomberie\/#website\",\"url\":\"https:\/\/vitrerie-claude.com\/plomberie\/\",\"name\":\"Plomberie\",\"description\":\"Just another Vitrerie Claude Sites site\",\"potentialAction\":[{\"@type\":\"SearchAction\",\"target\":{\"@type\":\"EntryPoint\",\"urlTemplate\":\"https:\/\/vitrerie-claude.com\/plomberie\/?s={search_term_string}\"},\"query-input\":\"required name=search_term_string\"}],\"inLanguage\":\"fr-FR\"}]}<\/script>\n<!-- \/ Yoast SEO plugin. -->","yoast_head_json":{"title":"Douches | Plomberie T\u00e9treault","description":"D\u00e9couvrez nos produits de douches pour votre projet de salle de bain. Portes, bases et ensembles de douches | Plomberie T\u00e9treault","robots":{"index":"index","follow":"follow","max-snippet":"max-snippet:-1","max-image-preview":"max-image-preview:large","max-video-preview":"max-video-preview:-1"},"canonical":"https:\/\/vitrerie-claude.com\/plomberie\/produits\/salles-de-bain\/","og_locale":"fr_FR","og_type":"article","og_title":"Douches | Plomberie T\u00e9treault","og_description":"D\u00e9couvrez nos produits de douches pour votre projet de salle de bain. Portes, bases et ensembles de douches | Plomberie T\u00e9treault","og_url":"https:\/\/vitrerie-claude.com\/plomberie\/produits\/salles-de-bain\/","og_site_name":"Plomberie","article_modified_time":"2016-10-28T21:04:06+00:00","twitter_card":"summary_large_image","schema":{"@context":"https:\/\/schema.org","@graph":[{"@type":"WebPage","@id":"https:\/\/vitrerie-claude.com\/plomberie\/produits\/salles-de-bain\/","url":"https:\/\/vitrerie-claude.com\/plomberie\/produits\/salles-de-bain\/","name":"Douches | Plomberie T\u00e9treault","isPartOf":{"@id":"https:\/\/vitrerie-claude.com\/plomberie\/#website"},"datePublished":"2016-06-02T18:55:48+00:00","dateModified":"2016-10-28T21:04:06+00:00","description":"D\u00e9couvrez nos produits de douches pour votre projet de salle de bain. Portes, bases et ensembles de douches | Plomberie T\u00e9treault","breadcrumb":{"@id":"https:\/\/vitrerie-claude.com\/plomberie\/produits\/salles-de-bain\/#breadcrumb"},"inLanguage":"fr-FR","potentialAction":[{"@type":"ReadAction","target":["https:\/\/vitrerie-claude.com\/plomberie\/produits\/salles-de-bain\/"]}]},{"@type":"BreadcrumbList","@id":"https:\/\/vitrerie-claude.com\/plomberie\/produits\/salles-de-bain\/#breadcrumb","itemListElement":[{"@type":"ListItem","position":1,"name":"Accueil","item":"https:\/\/vitrerie-claude.com\/plomberie\/"},{"@type":"ListItem","position":2,"name":"Produits","item":"https:\/\/vitrerie-claude.com\/plomberie\/produits\/"},{"@type":"ListItem","position":3,"name":"Salles de bain"}]},{"@type":"WebSite","@id":"https:\/\/vitrerie-claude.com\/plomberie\/#website","url":"https:\/\/vitrerie-claude.com\/plomberie\/","name":"Plomberie","description":"Just another Vitrerie Claude Sites site","potentialAction":[{"@type":"SearchAction","target":{"@type":"EntryPoint","urlTemplate":"https:\/\/vitrerie-claude.com\/plomberie\/?s={search_term_string}"},"query-input":"required name=search_term_string"}],"inLanguage":"fr-FR"}]}},"_links":{"self":[{"href":"https:\/\/vitrerie-claude.com\/plomberie\/wp-json\/wp\/v2\/pages\/6"}],"collection":[{"href":"https:\/\/vitrerie-claude.com\/plomberie\/wp-json\/wp\/v2\/pages"}],"about":[{"href":"https:\/\/vitrerie-claude.com\/plomberie\/wp-json\/wp\/v2\/types\/page"}],"author":[{"embeddable":true,"href":"https:\/\/vitrerie-claude.com\/plomberie\/wp-json\/wp\/v2\/users\/1"}],"replies":[{"embeddable":true,"href":"https:\/\/vitrerie-claude.com\/plomberie\/wp-json\/wp\/v2\/comments?post=6"}],"version-history":[{"count":16,"href":"https:\/\/vitrerie-claude.com\/plomberie\/wp-json\/wp\/v2\/pages\/6\/revisions"}],"predecessor-version":[{"id":1159,"href":"https:\/\/vitrerie-claude.com\/plomberie\/wp-json\/wp\/v2\/pages\/6\/revisions\/1159"}],"up":[{"embeddable":true,"href":"https:\/\/vitrerie-claude.com\/plomberie\/wp-json\/wp\/v2\/pages\/4"}],"wp:attachment":[{"href":"https:\/\/vitrerie-claude.com\/plomberie\/wp-json\/wp\/v2\/media?parent=6"}],"curies":[{"name":"wp","href":"https:\/\/api.w.org\/{rel}","templated":true}]}}